{"id":15284,"date":"2024-07-22T14:32:25","date_gmt":"2024-07-22T14:32:25","guid":{"rendered":"https:\/\/www.eifaschool.com\/?page_id=15284"},"modified":"2025-01-30T10:40:34","modified_gmt":"2025-01-30T10:40:34","slug":"lecons-de-musique","status":"publish","type":"page","link":"https:\/\/www.eifaschool.com\/fr\/school-life\/lecons-de-musique\/","title":{"rendered":"Le\u00e7ons de musique"},"content":{"rendered":"\t\t<div data-elementor-type=\"wp-post\" data-elementor-id=\"15284\" class=\"elementor elementor-15284 elementor-15283\" data-elementor-post-type=\"page\">\n\t\t\t\t\t\t<section class=\"elementor-section elementor-top-section elementor-element elementor-element-d66fb1c elementor-section-boxed elementor-section-height-default elementor-section-height-default\" data-id=\"d66fb1c\" data-element_type=\"section\">\n\t\t\t\t\t\t<div class=\"elementor-container elementor-column-gap-default\">\n\t\t\t\t\t<div class=\"elementor-column elementor-col-33 elementor-top-column elementor-element elementor-element-9294e42 elementor-hidden-mobile\" data-id=\"9294e42\" data-element_type=\"column\">\n\t\t\t<div class=\"elementor-widget-wrap elementor-element-populated\">\n\t\t\t\t\t\t<div class=\"elementor-element elementor-element-6d84674 elementor-hidden-tablet elementor-hidden-mobile elementor-widget elementor-widget-thim-navigation-menu\" data-id=\"6d84674\" data-element_type=\"widget\" data-settings=\"{&quot;motion_fx_motion_fx_scrolling&quot;:&quot;yes&quot;,&quot;sticky&quot;:&quot;top&quot;,&quot;sticky_offset&quot;:128,&quot;sticky_parent&quot;:&quot;yes&quot;,&quot;motion_fx_devices&quot;:[&quot;desktop&quot;,&quot;tablet&quot;,&quot;mobile&quot;],&quot;sticky_on&quot;:[&quot;desktop&quot;,&quot;tablet&quot;,&quot;mobile&quot;],&quot;sticky_effects_offset&quot;:0,&quot;sticky_anchor_link_offset&quot;:0}\" data-widget_type=\"thim-navigation-menu.default\">\n\t\t\t\t<div class=\"elementor-widget-container\">\n\t\t\t\t\t<div class=\"widget widget_nav_menu\"><div class=\"menu-school-life-sidebar-fr-container\"><ul id=\"menu-school-life-sidebar-fr\" class=\"menu\"><li id=\"menu-item-18224\" class=\"menu-item menu-item-type-post_type menu-item-object-page menu-item-18224\"><a href=\"https:\/\/www.eifaschool.com\/fr\/school-life\/vie-scolaire\/\">Calendrier<\/a><\/li>\n<li id=\"menu-item-18223\" class=\"menu-item menu-item-type-post_type menu-item-object-page menu-item-18223\"><a href=\"https:\/\/www.eifaschool.com\/fr\/school-life\/vie-scolaire-2\/\">Activit\u00e9s extra-scolaires<\/a><\/li>\n<li id=\"menu-item-18225\" class=\"menu-item menu-item-type-post_type menu-item-object-page menu-item-18225\"><a href=\"https:\/\/www.eifaschool.com\/fr\/school-life\/vie-scolaire-4\/\">Clubs et activit\u00e9s<\/a><\/li>\n<li id=\"menu-item-18226\" class=\"menu-item menu-item-type-post_type menu-item-object-page menu-item-18226\"><a href=\"https:\/\/www.eifaschool.com\/fr\/school-life\/vie-scolaire-3\/\">\u00c9tude Dirig\u00e9e<\/a><\/li>\n<li id=\"menu-item-18229\" class=\"menu-item menu-item-type-post_type menu-item-object-page menu-item-18229\"><a href=\"https:\/\/www.eifaschool.com\/fr\/school-life\/lecons-de-musique\/\">Le\u00e7ons de musique<\/a><\/li>\n<li id=\"menu-item-18228\" class=\"menu-item menu-item-type-post_type menu-item-object-page menu-item-18228\"><a href=\"https:\/\/www.eifaschool.com\/fr\/school-life\/vie-scolaire-6\/\">Garderie<\/a><\/li>\n<li id=\"menu-item-18227\" class=\"menu-item menu-item-type-post_type menu-item-object-page menu-item-18227\"><a href=\"https:\/\/www.eifaschool.com\/fr\/school-life\/galerie\/\">Galerie virtuelle<\/a><\/li>\n<\/ul><\/div><\/div>\t\t\t\t<\/div>\n\t\t\t\t<\/div>\n\t\t\t\t\t<\/div>\n\t\t<\/div>\n\t\t\t\t<div class=\"elementor-column elementor-col-33 elementor-top-column elementor-element elementor-element-4a60dec\" data-id=\"4a60dec\" data-element_type=\"column\">\n\t\t\t<div class=\"elementor-widget-wrap elementor-element-populated\">\n\t\t\t\t\t\t<div class=\"elementor-element elementor-element-f1f5991 elementor-widget thim-ekits-heading elementor-widget-thim-heading\" data-id=\"f1f5991\" data-element_type=\"widget\" data-widget_type=\"thim-heading.default\">\n\t\t\t\t<div class=\"elementor-widget-container\">\n\t\t\t\t\t<div class=\"sc_heading \"><h2 class=\"title\">Le\u00e7ons de musique <\/h2><\/div>\t\t\t\t<\/div>\n\t\t\t\t<\/div>\n\t\t\t\t<div class=\"elementor-element elementor-element-c0451a0 elementor-widget elementor-widget-text-editor\" data-id=\"c0451a0\" data-element_type=\"widget\" data-widget_type=\"text-editor.default\">\n\t\t\t\t<div class=\"elementor-widget-container\">\n\t\t\t\t\t\t\t\t\t<p style=\"text-align: justify;\">L\u2019EIFA offre des cours priv\u00e9s de violon, clarinette et piano. Ce sont des cours hebdomadaires qui ont lieu \u00e0 l\u2019\u00e9cole et qui sont propos\u00e9s par nos professeurs de musique.<\/p><p style=\"text-align: justify;\">Les tarifs pour toute session de 30 minutes ou de 45 minutes sont d\u00e9finis au d\u00e9but de chaque ann\u00e9e scolaire. Le paiement doit se faire uniquement via le site de paiement Parentpay:<a href=\"https:\/\/www.parentpay.com\/\">https:\/\/www.parentpay.com<\/a>.<\/p><p style=\"text-align: justify;\">Pour de plus amples renseignements, veuillez contacter l\u2019administration \u00e0:\u00a0<a href=\"mailto:registrar@eifaschool.com\">registrar@eifaschool.com<\/a>.<\/p>\t\t\t\t\t\t\t\t<\/div>\n\t\t\t\t<\/div>\n\t\t\t\t<div class=\"elementor-element elementor-element-f0ad6ba elementor-align-center elementor-widget elementor-widget-button\" data-id=\"f0ad6ba\" data-element_type=\"widget\" data-widget_type=\"button.default\">\n\t\t\t\t<div class=\"elementor-widget-container\">\n\t\t\t\t\t\t\t\t\t<div class=\"elementor-button-wrapper\">\n\t\t\t\t\t<a class=\"elementor-button elementor-button-link elementor-size-sm\" href=\"https:\/\/www.eifaschool.com\/fr\/school-life\/vie-scolaire-3\/\">\n\t\t\t\t\t\t<span class=\"elementor-button-content-wrapper\">\n\t\t\t\t\t\t\t\t\t<span class=\"elementor-button-text\">Aller \u00e0 \u00c9tude surveill\u00e9e<\/span>\n\t\t\t\t\t<\/span>\n\t\t\t\t\t<\/a>\n\t\t\t\t<\/div>\n\t\t\t\t\t\t\t\t<\/div>\n\t\t\t\t<\/div>\n\t\t\t\t\t<\/div>\n\t\t<\/div>\n\t\t\t\t<div class=\"elementor-column elementor-col-33 elementor-top-column elementor-element elementor-element-4db112a\" data-id=\"4db112a\" data-element_type=\"column\">\n\t\t\t<div class=\"elementor-widget-wrap elementor-element-populated\">\n\t\t\t\t\t\t<div class=\"elementor-element elementor-element-cd93ed7 elementor-widget elementor-widget-sidebar\" data-id=\"cd93ed7\" data-element_type=\"widget\" data-widget_type=\"sidebar.default\">\n\t\t\t\t<div class=\"elementor-widget-container\">\n\t\t\t\t\t<aside id=\"search-2\" class=\"widget widget_search\"><h4 class=\"widget-title\">Search<\/h4><form role=\"search\" method=\"get\" class=\"search-form\" action=\"https:\/\/www.eifaschool.com\/fr\/\">\n\t\t\t\t<label>\n\t\t\t\t\t<span class=\"screen-reader-text\">Rechercher\u00a0:<\/span>\n\t\t\t\t\t<input type=\"search\" class=\"search-field\" placeholder=\"Rechercher\u2026\" value=\"\" name=\"s\" \/>\n\t\t\t\t<\/label>\n\t\t\t\t<input type=\"submit\" class=\"search-submit\" value=\"Rechercher\" \/>\n\t\t\t<\/form><\/aside>\n\t\t<aside id=\"recent-posts-2\" class=\"widget widget_recent_entries\">\n\t\t<h4 class=\"widget-title\">Recent Activities<\/h4>\n\t\t<ul>\n\t\t\t\t\t\t\t\t\t\t\t<li>\n\t\t\t\t\t<a href=\"https:\/\/www.eifaschool.com\/fr\/tri-golf-de-westminster\/\">Tri-Golf de Westminster<\/a>\n\t\t\t\t\t\t\t\t\t<\/li>\n\t\t\t\t\t\t\t\t\t\t\t<li>\n\t\t\t\t\t<a href=\"https:\/\/www.eifaschool.com\/fr\/le-british-museum\/\">Le British Museum<\/a>\n\t\t\t\t\t\t\t\t\t<\/li>\n\t\t\t\t\t\t\t\t\t\t\t<li>\n\t\t\t\t\t<a href=\"https:\/\/www.eifaschool.com\/fr\/voyage-a-hambourg\/\">Voyage \u00e0 Hambourg<\/a>\n\t\t\t\t\t\t\t\t\t<\/li>\n\t\t\t\t\t\t\t\t\t\t\t<li>\n\t\t\t\t\t<a href=\"https:\/\/www.eifaschool.com\/fr\/fete-des-meres\/\">F\u00eate des M\u00e8res<\/a>\n\t\t\t\t\t\t\t\t\t<\/li>\n\t\t\t\t\t\t\t\t\t\t\t<li>\n\t\t\t\t\t<a href=\"https:\/\/www.eifaschool.com\/fr\/assemblee-des-cm2\/\">Assembl\u00e9e des CM2<\/a>\n\t\t\t\t\t\t\t\t\t<\/li>\n\t\t\t\t\t<\/ul>\n\n\t\t<\/aside><aside id=\"media_image-6\" class=\"widget widget_media_image\"><a href=\"https:\/\/www.eifaschool.com\/\"><img fetchpriority=\"high\" decoding=\"async\" width=\"300\" height=\"200\" src=\"https:\/\/www.eifaschool.com\/wp-content\/uploads\/2024\/06\/WOW_5493-300x200.jpg\" class=\"image wp-image-14400  attachment-medium size-medium\" alt=\"EIFA A group of children wearing blue and white vests, likely from a local school in London, run on the grass in a park, following an adult in a black shirt. Trees and greenery surround the open area, creating a lively and energetic atmosphere.\" style=\"max-width: 100%; height: auto;\" srcset=\"https:\/\/www.eifaschool.com\/wp-content\/uploads\/2024\/06\/WOW_5493-300x200.jpg 300w, https:\/\/www.eifaschool.com\/wp-content\/uploads\/2024\/06\/WOW_5493-1024x681.jpg 1024w, https:\/\/www.eifaschool.com\/wp-content\/uploads\/2024\/06\/WOW_5493-768x511.jpg 768w, https:\/\/www.eifaschool.com\/wp-content\/uploads\/2024\/06\/WOW_5493-1536x1022.jpg 1536w, https:\/\/www.eifaschool.com\/wp-content\/uploads\/2024\/06\/WOW_5493-2048x1363.jpg 2048w\" sizes=\"(max-width: 300px) 100vw, 300px\" \/><\/a><\/aside>\t\t\t\t<\/div>\n\t\t\t\t<\/div>\n\t\t\t\t\t<\/div>\n\t\t<\/div>\n\t\t\t\t\t<\/div>\n\t\t<\/section>\n\t\t\t\t<section class=\"elementor-section elementor-top-section elementor-element elementor-element-d529c5f elementor-section-full_width elementor-section-stretched elementor-section-height-default elementor-section-height-default\" data-id=\"d529c5f\" data-element_type=\"section\" data-settings=\"{&quot;stretch_section&quot;:&quot;section-stretched&quot;}\">\n\t\t\t\t\t\t<div class=\"elementor-container elementor-column-gap-default\">\n\t\t\t\t\t<div class=\"elementor-column elementor-col-100 elementor-top-column elementor-element elementor-element-81a941b\" data-id=\"81a941b\" data-element_type=\"column\">\n\t\t\t<div class=\"elementor-widget-wrap elementor-element-populated\">\n\t\t\t\t\t\t<div class=\"nav-border-none dot-border-none dot-active-border-none elementor-element elementor-element-cad9e7e elementor-widget thim-widget-gallery-images\" data-id=\"cad9e7e\" data-element_type=\"widget\" data-widget_type=\"thim-gallery-images.default\">\n\t\t\t\t<div class=\"elementor-widget-container\">\n\t\t\t\t\t<div class=\"thim-carousel-wrapper gallery-img\" data-visible=\"\" data-autoplay=\"0\" data-navigation=\"0\" data-pagination=\"1\" data-loop=\"true\"><div class=\"item\"><img decoding=\"async\" width=\"600\" height=\"400\" src=\"https:\/\/www.eifaschool.com\/wp-content\/uploads\/2024\/05\/WOW_5747-600x400.jpg\" class=\"attachment-gb-block-post-grid-landscape size-gb-block-post-grid-landscape\" alt=\"EIFA Children with face paint smile and sit at a table during an arts and crafts activity at EIFA, a vibrant bilingual school. A person is sitting across from them, engaging with the group. The background features other children and adults, all immersed in the creative session.\" \/><\/div><div class=\"item\"><img decoding=\"async\" width=\"600\" height=\"400\" src=\"https:\/\/www.eifaschool.com\/wp-content\/uploads\/2024\/05\/WOW_9429-600x400.jpg\" class=\"attachment-gb-block-post-grid-landscape size-gb-block-post-grid-landscape\" alt=\"EIFA A young girl with long curly hair, wearing a blue sweater and holding a pen, smiles as she plays chess with an opponent. The chessboard is in focus, set against the backdrop of a vibrant classroom in a school in London.\" \/><\/div><div class=\"item\"><img loading=\"lazy\" decoding=\"async\" width=\"600\" height=\"400\" src=\"https:\/\/www.eifaschool.com\/wp-content\/uploads\/2024\/05\/WOW_9752-600x400.jpg\" class=\"attachment-gb-block-post-grid-landscape size-gb-block-post-grid-landscape\" alt=\"EIFA In a vibrant London classroom, two children are seated at a table draped with a green tablecloth. The boy on the left, smiling proudly, displays his paint-covered hand, while the girl on the right focuses intently on her artwork. Its a joyous scene in this bilingual school setting.\" \/><\/div><div class=\"item\"><img loading=\"lazy\" decoding=\"async\" width=\"600\" height=\"400\" src=\"https:\/\/www.eifaschool.com\/wp-content\/uploads\/2024\/05\/DSC_5209-600x400.jpg\" class=\"attachment-gb-block-post-grid-landscape size-gb-block-post-grid-landscape\" alt=\"EIFA Three children, wearing backpacks and casual outdoor clothing, from a bilingual school joyfully walk on a forest trail, giving thumbs up. Bare trees line the path, and a person in a blue jacket walks ahead. The ground is muddy, suggesting a recent rain.\" \/><\/div><div class=\"item\"><img loading=\"lazy\" decoding=\"async\" width=\"600\" height=\"400\" src=\"https:\/\/www.eifaschool.com\/wp-content\/uploads\/2024\/05\/DSC_7997-600x400.jpg\" class=\"attachment-gb-block-post-grid-landscape size-gb-block-post-grid-landscape\" alt=\"EIFA Two young children sit on the grass in their London school uniforms, wearing light blue and white outfits with reflective stripes. One has curly hair and the other a bun. They smile, surrounded by trees and other EIFA students dressed in similar attire in the background.\" \/><\/div><div class=\"item\"><img loading=\"lazy\" decoding=\"async\" width=\"600\" height=\"400\" src=\"https:\/\/www.eifaschool.com\/wp-content\/uploads\/2024\/05\/WOW_8057-600x400.jpg\" class=\"attachment-gb-block-post-grid-landscape size-gb-block-post-grid-landscape\" alt=\"EIFA Four children from a bilingual school in London joyfully run across a field, wearing colorful winter clothing and vibrant yellow and green vests. The background shows a cloudy sky and trees with autumn leaves.\" srcset=\"https:\/\/www.eifaschool.com\/wp-content\/uploads\/2024\/05\/WOW_8057-600x400.jpg 600w, https:\/\/www.eifaschool.com\/wp-content\/uploads\/2024\/05\/WOW_8057-scaled-300x200.jpg 300w, https:\/\/www.eifaschool.com\/wp-content\/uploads\/2024\/05\/WOW_8057-1024x681.jpg 1024w, https:\/\/www.eifaschool.com\/wp-content\/uploads\/2024\/05\/WOW_8057-768x511.jpg 768w, https:\/\/www.eifaschool.com\/wp-content\/uploads\/2024\/05\/WOW_8057-1536x1022.jpg 1536w, https:\/\/www.eifaschool.com\/wp-content\/uploads\/2024\/05\/WOW_8057-2048x1363.jpg 2048w\" sizes=\"(max-width: 600px) 100vw, 600px\" \/><\/div><div class=\"item\"><img loading=\"lazy\" decoding=\"async\" width=\"600\" height=\"400\" src=\"https:\/\/www.eifaschool.com\/wp-content\/uploads\/2024\/05\/IMG_3715-600x400.jpg\" class=\"attachment-gb-block-post-grid-landscape size-gb-block-post-grid-landscape\" alt=\"EIFA A group of people, mostly wearing casual clothes and sunglasses, stand in a sunny cobblestone plaza outside a historic building in London. The scene captures the relaxed atmosphere near the esteemed EIFA International School under a clear, blue sky.\" \/><\/div><div class=\"item\"><img loading=\"lazy\" decoding=\"async\" width=\"600\" height=\"400\" src=\"https:\/\/www.eifaschool.com\/wp-content\/uploads\/2024\/05\/WOW_17651-600x400.jpg\" class=\"attachment-gb-block-post-grid-landscape size-gb-block-post-grid-landscape\" alt=\"EIFA Four bilingual children in lab coats engage in a science experiment at a London school laboratory table. They handle small bottles and a box, appearing focused and collaborative. The background showcases lab equipment and safety posters, fostering an environment of learning and discovery.\" \/><\/div><\/div>\t\t\t\t<\/div>\n\t\t\t\t<\/div>\n\t\t\t\t\t<\/div>\n\t\t<\/div>\n\t\t\t\t\t<\/div>\n\t\t<\/section>\n\t\t\t\t<\/div>\n\t\t","protected":false},"excerpt":{"rendered":"<p>Calendar Extra Curricular Activities Clubs and Activities Homework Club Music Tuitions Wraparound Care Virtual Gallery Le\u00e7ons de musique L\u2019EIFA offre des cours priv\u00e9s de violon, clarinette et piano. Ce sont des cours hebdomadaires qui ont lieu \u00e0 l\u2019\u00e9cole et qui &hellip; <\/p>\n","protected":false},"author":2,"featured_media":0,"parent":15171,"menu_order":0,"comment_status":"closed","ping_status":"closed","template":"","meta":{"footnotes":""},"class_list":["post-15284","page","type-page","status-publish","hentry"],"yoast_head":"<!-- This site is optimized with the Yoast SEO Premium plugin v25.8 (Yoast SEO v27.3) - https:\/\/yoast.com\/product\/yoast-seo-premium-wordpress\/ -->\n<title>Le\u00e7ons de musique - EIFA International School (EIFA)<\/title>\n<meta name=\"description\" content=\"Nous offrons des cours particuliers de pratique instrumentale et de solf\u00e8ge pour violon, piano et clarinette.\" \/>\n<meta name=\"robots\" content=\"index, follow, max-snippet:-1, max-image-preview:large, max-video-preview:-1\" \/>\n<link rel=\"canonical\" href=\"https:\/\/www.eifaschool.com\/fr\/school-life\/lecons-de-musique\/\" \/>\n<meta property=\"og:locale\" content=\"fr_FR\" \/>\n<meta property=\"og:type\" content=\"article\" \/>\n<meta property=\"og:title\" content=\"Le\u00e7ons de musique\" \/>\n<meta property=\"og:description\" content=\"Nous offrons des cours particuliers de pratique instrumentale et de solf\u00e8ge pour violon, piano et clarinette.\" \/>\n<meta property=\"og:url\" content=\"https:\/\/www.eifaschool.com\/fr\/school-life\/lecons-de-musique\/\" \/>\n<meta property=\"og:site_name\" content=\"EIFA International School (EIFA)\" \/>\n<meta property=\"article:publisher\" content=\"https:\/\/www.facebook.com\/eifainternationalschoollondon\" \/>\n<meta property=\"article:modified_time\" content=\"2025-01-30T10:40:34+00:00\" \/>\n<meta property=\"og:image\" content=\"https:\/\/www.eifaschool.com\/wp-content\/uploads\/2024\/05\/WOW_5747-600x400.jpg\" \/>\n<meta name=\"twitter:card\" content=\"summary_large_image\" \/>\n<meta name=\"twitter:label1\" content=\"Dur\u00e9e de lecture estim\u00e9e\" \/>\n\t<meta name=\"twitter:data1\" content=\"3 minutes\" \/>\n<script type=\"application\/ld+json\" class=\"yoast-schema-graph\">{\"@context\":\"https:\\\/\\\/schema.org\",\"@graph\":[{\"@type\":\"WebPage\",\"@id\":\"https:\\\/\\\/www.eifaschool.com\\\/fr\\\/school-life\\\/lecons-de-musique\\\/\",\"url\":\"https:\\\/\\\/www.eifaschool.com\\\/fr\\\/school-life\\\/lecons-de-musique\\\/\",\"name\":\"Le\u00e7ons de musique - EIFA International School (EIFA)\",\"isPartOf\":{\"@id\":\"https:\\\/\\\/www.eifaschool.com\\\/fr\\\/#website\"},\"primaryImageOfPage\":{\"@id\":\"https:\\\/\\\/www.eifaschool.com\\\/fr\\\/school-life\\\/lecons-de-musique\\\/#primaryimage\"},\"image\":{\"@id\":\"https:\\\/\\\/www.eifaschool.com\\\/fr\\\/school-life\\\/lecons-de-musique\\\/#primaryimage\"},\"thumbnailUrl\":\"https:\\\/\\\/www.eifaschool.com\\\/wp-content\\\/uploads\\\/2024\\\/05\\\/WOW_5747-600x400.jpg\",\"datePublished\":\"2024-07-22T14:32:25+00:00\",\"dateModified\":\"2025-01-30T10:40:34+00:00\",\"description\":\"Nous offrons des cours particuliers de pratique instrumentale et de solf\u00e8ge pour violon, piano et clarinette.\",\"breadcrumb\":{\"@id\":\"https:\\\/\\\/www.eifaschool.com\\\/fr\\\/school-life\\\/lecons-de-musique\\\/#breadcrumb\"},\"inLanguage\":\"fr-FR\",\"potentialAction\":[{\"@type\":\"ReadAction\",\"target\":[\"https:\\\/\\\/www.eifaschool.com\\\/fr\\\/school-life\\\/lecons-de-musique\\\/\"]}]},{\"@type\":\"ImageObject\",\"inLanguage\":\"fr-FR\",\"@id\":\"https:\\\/\\\/www.eifaschool.com\\\/fr\\\/school-life\\\/lecons-de-musique\\\/#primaryimage\",\"url\":\"https:\\\/\\\/www.eifaschool.com\\\/wp-content\\\/uploads\\\/2024\\\/05\\\/WOW_5747-600x400.jpg\",\"contentUrl\":\"https:\\\/\\\/www.eifaschool.com\\\/wp-content\\\/uploads\\\/2024\\\/05\\\/WOW_5747-600x400.jpg\"},{\"@type\":\"BreadcrumbList\",\"@id\":\"https:\\\/\\\/www.eifaschool.com\\\/fr\\\/school-life\\\/lecons-de-musique\\\/#breadcrumb\",\"itemListElement\":[{\"@type\":\"ListItem\",\"position\":1,\"name\":\"Home\",\"item\":\"https:\\\/\\\/www.eifaschool.com\\\/fr\\\/\"},{\"@type\":\"ListItem\",\"position\":2,\"name\":\"Vie scolaire\",\"item\":\"https:\\\/\\\/www.eifaschool.com\\\/fr\\\/school-life\\\/\"},{\"@type\":\"ListItem\",\"position\":3,\"name\":\"Le\u00e7ons de musique\"}]},{\"@type\":\"WebSite\",\"@id\":\"https:\\\/\\\/www.eifaschool.com\\\/fr\\\/#website\",\"url\":\"https:\\\/\\\/www.eifaschool.com\\\/fr\\\/\",\"name\":\"EIFA International School (EIFA)\",\"description\":\"A bilingual international school for young citizens of the world\",\"publisher\":{\"@id\":\"https:\\\/\\\/www.eifaschool.com\\\/fr\\\/#organization\"},\"potentialAction\":[{\"@type\":\"SearchAction\",\"target\":{\"@type\":\"EntryPoint\",\"urlTemplate\":\"https:\\\/\\\/www.eifaschool.com\\\/fr\\\/?s={search_term_string}\"},\"query-input\":{\"@type\":\"PropertyValueSpecification\",\"valueRequired\":true,\"valueName\":\"search_term_string\"}}],\"inLanguage\":\"fr-FR\"},{\"@type\":\"Organization\",\"@id\":\"https:\\\/\\\/www.eifaschool.com\\\/fr\\\/#organization\",\"name\":\"EIFA International School (EIFA)\",\"url\":\"https:\\\/\\\/www.eifaschool.com\\\/fr\\\/\",\"logo\":{\"@type\":\"ImageObject\",\"inLanguage\":\"fr-FR\",\"@id\":\"https:\\\/\\\/www.eifaschool.com\\\/fr\\\/#\\\/schema\\\/logo\\\/image\\\/\",\"url\":\"https:\\\/\\\/www.eifaschool.com\\\/wp-content\\\/uploads\\\/2024\\\/05\\\/eifa_logo_white.png\",\"contentUrl\":\"https:\\\/\\\/www.eifaschool.com\\\/wp-content\\\/uploads\\\/2024\\\/05\\\/eifa_logo_white.png\",\"width\":500,\"height\":231,\"caption\":\"EIFA International School (EIFA)\"},\"image\":{\"@id\":\"https:\\\/\\\/www.eifaschool.com\\\/fr\\\/#\\\/schema\\\/logo\\\/image\\\/\"},\"sameAs\":[\"https:\\\/\\\/www.facebook.com\\\/eifainternationalschoollondon\",\"https:\\\/\\\/www.instagram.com\\\/eifainternationalschool\",\"https:\\\/\\\/www.youtube.com\\\/channel\\\/UCZ7MJ5WK69Dpi8spXepJv2Q\",\"https:\\\/\\\/www.linkedin.com\\\/company\\\/eifa-international-school\\\/\"]}]}<\/script>\n<!-- \/ Yoast SEO Premium plugin. -->","yoast_head_json":{"title":"Le\u00e7ons de musique - EIFA International School (EIFA)","description":"Nous offrons des cours particuliers de pratique instrumentale et de solf\u00e8ge pour violon, piano et clarinette.","robots":{"index":"index","follow":"follow","max-snippet":"max-snippet:-1","max-image-preview":"max-image-preview:large","max-video-preview":"max-video-preview:-1"},"canonical":"https:\/\/www.eifaschool.com\/fr\/school-life\/lecons-de-musique\/","og_locale":"fr_FR","og_type":"article","og_title":"Le\u00e7ons de musique","og_description":"Nous offrons des cours particuliers de pratique instrumentale et de solf\u00e8ge pour violon, piano et clarinette.","og_url":"https:\/\/www.eifaschool.com\/fr\/school-life\/lecons-de-musique\/","og_site_name":"EIFA International School (EIFA)","article_publisher":"https:\/\/www.facebook.com\/eifainternationalschoollondon","article_modified_time":"2025-01-30T10:40:34+00:00","og_image":[{"url":"https:\/\/www.eifaschool.com\/wp-content\/uploads\/2024\/05\/WOW_5747-600x400.jpg","type":"","width":"","height":""}],"twitter_card":"summary_large_image","twitter_misc":{"Dur\u00e9e de lecture estim\u00e9e":"3 minutes"},"schema":{"@context":"https:\/\/schema.org","@graph":[{"@type":"WebPage","@id":"https:\/\/www.eifaschool.com\/fr\/school-life\/lecons-de-musique\/","url":"https:\/\/www.eifaschool.com\/fr\/school-life\/lecons-de-musique\/","name":"Le\u00e7ons de musique - EIFA International School (EIFA)","isPartOf":{"@id":"https:\/\/www.eifaschool.com\/fr\/#website"},"primaryImageOfPage":{"@id":"https:\/\/www.eifaschool.com\/fr\/school-life\/lecons-de-musique\/#primaryimage"},"image":{"@id":"https:\/\/www.eifaschool.com\/fr\/school-life\/lecons-de-musique\/#primaryimage"},"thumbnailUrl":"https:\/\/www.eifaschool.com\/wp-content\/uploads\/2024\/05\/WOW_5747-600x400.jpg","datePublished":"2024-07-22T14:32:25+00:00","dateModified":"2025-01-30T10:40:34+00:00","description":"Nous offrons des cours particuliers de pratique instrumentale et de solf\u00e8ge pour violon, piano et clarinette.","breadcrumb":{"@id":"https:\/\/www.eifaschool.com\/fr\/school-life\/lecons-de-musique\/#breadcrumb"},"inLanguage":"fr-FR","potentialAction":[{"@type":"ReadAction","target":["https:\/\/www.eifaschool.com\/fr\/school-life\/lecons-de-musique\/"]}]},{"@type":"ImageObject","inLanguage":"fr-FR","@id":"https:\/\/www.eifaschool.com\/fr\/school-life\/lecons-de-musique\/#primaryimage","url":"https:\/\/www.eifaschool.com\/wp-content\/uploads\/2024\/05\/WOW_5747-600x400.jpg","contentUrl":"https:\/\/www.eifaschool.com\/wp-content\/uploads\/2024\/05\/WOW_5747-600x400.jpg"},{"@type":"BreadcrumbList","@id":"https:\/\/www.eifaschool.com\/fr\/school-life\/lecons-de-musique\/#breadcrumb","itemListElement":[{"@type":"ListItem","position":1,"name":"Home","item":"https:\/\/www.eifaschool.com\/fr\/"},{"@type":"ListItem","position":2,"name":"Vie scolaire","item":"https:\/\/www.eifaschool.com\/fr\/school-life\/"},{"@type":"ListItem","position":3,"name":"Le\u00e7ons de musique"}]},{"@type":"WebSite","@id":"https:\/\/www.eifaschool.com\/fr\/#website","url":"https:\/\/www.eifaschool.com\/fr\/","name":"EIFA International School (EIFA)","description":"A bilingual international school for young citizens of the world","publisher":{"@id":"https:\/\/www.eifaschool.com\/fr\/#organization"},"potentialAction":[{"@type":"SearchAction","target":{"@type":"EntryPoint","urlTemplate":"https:\/\/www.eifaschool.com\/fr\/?s={search_term_string}"},"query-input":{"@type":"PropertyValueSpecification","valueRequired":true,"valueName":"search_term_string"}}],"inLanguage":"fr-FR"},{"@type":"Organization","@id":"https:\/\/www.eifaschool.com\/fr\/#organization","name":"EIFA International School (EIFA)","url":"https:\/\/www.eifaschool.com\/fr\/","logo":{"@type":"ImageObject","inLanguage":"fr-FR","@id":"https:\/\/www.eifaschool.com\/fr\/#\/schema\/logo\/image\/","url":"https:\/\/www.eifaschool.com\/wp-content\/uploads\/2024\/05\/eifa_logo_white.png","contentUrl":"https:\/\/www.eifaschool.com\/wp-content\/uploads\/2024\/05\/eifa_logo_white.png","width":500,"height":231,"caption":"EIFA International School (EIFA)"},"image":{"@id":"https:\/\/www.eifaschool.com\/fr\/#\/schema\/logo\/image\/"},"sameAs":["https:\/\/www.facebook.com\/eifainternationalschoollondon","https:\/\/www.instagram.com\/eifainternationalschool","https:\/\/www.youtube.com\/channel\/UCZ7MJ5WK69Dpi8spXepJv2Q","https:\/\/www.linkedin.com\/company\/eifa-international-school\/"]}]}},"_links":{"self":[{"href":"https:\/\/www.eifaschool.com\/fr\/wp-json\/wp\/v2\/pages\/15284","targetHints":{"allow":["GET"]}}],"collection":[{"href":"https:\/\/www.eifaschool.com\/fr\/wp-json\/wp\/v2\/pages"}],"about":[{"href":"https:\/\/www.eifaschool.com\/fr\/wp-json\/wp\/v2\/types\/page"}],"author":[{"embeddable":true,"href":"https:\/\/www.eifaschool.com\/fr\/wp-json\/wp\/v2\/users\/2"}],"replies":[{"embeddable":true,"href":"https:\/\/www.eifaschool.com\/fr\/wp-json\/wp\/v2\/comments?post=15284"}],"version-history":[{"count":0,"href":"https:\/\/www.eifaschool.com\/fr\/wp-json\/wp\/v2\/pages\/15284\/revisions"}],"up":[{"embeddable":true,"href":"https:\/\/www.eifaschool.com\/fr\/wp-json\/wp\/v2\/pages\/15171"}],"wp:attachment":[{"href":"https:\/\/www.eifaschool.com\/fr\/wp-json\/wp\/v2\/media?parent=15284"}],"curies":[{"name":"wp","href":"https:\/\/api.w.org\/{rel}","templated":true}]}}