{"id":15104,"date":"2024-07-02T18:37:05","date_gmt":"2024-07-02T18:37:05","guid":{"rendered":"https:\/\/www.eifaschool.com\/a-propos__trashed\/our-policies-bar\/"},"modified":"2025-09-16T09:14:12","modified_gmt":"2025-09-16T09:14:12","slug":"our-policies-bar","status":"publish","type":"page","link":"https:\/\/www.eifaschool.com\/fr\/about-us\/our-policies-bar\/","title":{"rendered":"Politiques internes"},"content":{"rendered":"\t\t<div data-elementor-type=\"wp-post\" data-elementor-id=\"15104\" class=\"elementor elementor-15104 elementor-14893\" data-elementor-post-type=\"page\">\n\t\t\t\t\t\t<section class=\"elementor-section elementor-top-section elementor-element elementor-element-da0fc92 elementor-section-boxed elementor-section-height-default elementor-section-height-default\" data-id=\"da0fc92\" data-element_type=\"section\" data-settings=\"{&quot;background_background&quot;:&quot;classic&quot;}\">\n\t\t\t\t\t\t<div class=\"elementor-container elementor-column-gap-default\">\n\t\t\t\t\t<div class=\"elementor-column elementor-col-33 elementor-top-column elementor-element elementor-element-bb0fcda elementor-hidden-tablet elementor-hidden-mobile\" data-id=\"bb0fcda\" data-element_type=\"column\" data-settings=\"{&quot;background_background&quot;:&quot;classic&quot;}\">\n\t\t\t<div class=\"elementor-widget-wrap elementor-element-populated\">\n\t\t\t\t\t\t<div class=\"elementor-element elementor-element-172bf76 elementor-hidden-tablet elementor-hidden-mobile elementor-widget elementor-widget-thim-navigation-menu\" data-id=\"172bf76\" data-element_type=\"widget\" data-settings=\"{&quot;sticky&quot;:&quot;top&quot;,&quot;sticky_offset&quot;:150,&quot;sticky_parent&quot;:&quot;yes&quot;,&quot;sticky_on&quot;:[&quot;desktop&quot;,&quot;tablet&quot;,&quot;mobile&quot;],&quot;sticky_effects_offset&quot;:0,&quot;sticky_anchor_link_offset&quot;:0}\" data-widget_type=\"thim-navigation-menu.default\">\n\t\t\t\t<div class=\"elementor-widget-container\">\n\t\t\t\t\t<div class=\"widget widget_nav_menu\"><div class=\"menu-about-us-sidebar-container\"><ul id=\"menu-about-us-sidebar\" class=\"menu\"><li id=\"menu-item-14763\" class=\"menu-item menu-item-type-post_type menu-item-object-page menu-item-14763\"><a href=\"https:\/\/www.eifaschool.com\/about-us\/welcome\/\">Bienvenue!<\/a><\/li>\n<li id=\"menu-item-14764\" class=\"menu-item menu-item-type-post_type menu-item-object-page menu-item-14764\"><a href=\"https:\/\/www.eifaschool.com\/about-us\/mission-and-values\/\">Mission et Valeurs<\/a><\/li>\n<li id=\"menu-item-14765\" class=\"menu-item menu-item-type-post_type menu-item-object-page menu-item-14765\"><a href=\"https:\/\/www.eifaschool.com\/about-us\/our-story\/\">Notre histoire<\/a><\/li>\n<li id=\"menu-item-14766\" class=\"menu-item menu-item-type-post_type menu-item-object-page menu-item-14766\"><a href=\"https:\/\/www.eifaschool.com\/about-us\/leadership\/\">Notre \u00e9quipe<\/a><\/li>\n<li id=\"menu-item-15057\" class=\"menu-item menu-item-type-post_type menu-item-object-page menu-item-15057\"><a href=\"https:\/\/www.eifaschool.com\/about-us\/work-with-us\/\">Travailler avec nous<\/a><\/li>\n<li id=\"menu-item-14892\" class=\"menu-item menu-item-type-post_type menu-item-object-page menu-item-14892\"><a href=\"https:\/\/www.eifaschool.com\/about-us\/governance-3\/\">Gouvernance<\/a><\/li>\n<li id=\"menu-item-14891\" class=\"menu-item menu-item-type-post_type menu-item-object-page menu-item-14891\"><a href=\"https:\/\/www.eifaschool.com\/about-us\/eifa-parents-2\/\">L&rsquo;association EIFA Parents<\/a><\/li>\n<li id=\"menu-item-14769\" class=\"menu-item menu-item-type-post_type menu-item-object-page menu-item-14769\"><a href=\"https:\/\/www.eifaschool.com\/about-us\/accreditations\/\">Accr\u00e9ditations<\/a><\/li>\n<li id=\"menu-item-14899\" class=\"menu-item menu-item-type-post_type menu-item-object-page menu-item-14899\"><a href=\"https:\/\/www.eifaschool.com\/about-us\/our-policies-bar\/\">Politiques internes<\/a><\/li>\n<\/ul><\/div><\/div>\t\t\t\t<\/div>\n\t\t\t\t<\/div>\n\t\t\t\t\t<\/div>\n\t\t<\/div>\n\t\t\t\t<div class=\"elementor-column elementor-col-33 elementor-top-column elementor-element elementor-element-c081166\" data-id=\"c081166\" data-element_type=\"column\">\n\t\t\t<div class=\"elementor-widget-wrap elementor-element-populated\">\n\t\t\t\t\t\t<div class=\"elementor-element elementor-element-3f781c4 elementor-widget thim-ekits-heading elementor-widget-thim-heading\" data-id=\"3f781c4\" data-element_type=\"widget\" data-widget_type=\"thim-heading.default\">\n\t\t\t\t<div class=\"elementor-widget-container\">\n\t\t\t\t\t<div class=\"sc_heading \"><h2 class=\"title\">Politiques et r\u00e8glements internes <\/h2><\/div>\t\t\t\t<\/div>\n\t\t\t\t<\/div>\n\t\t\t\t<div class=\"elementor-element elementor-element-9009f6d elementor-widget elementor-widget-text-editor\" data-id=\"9009f6d\" data-element_type=\"widget\" data-widget_type=\"text-editor.default\">\n\t\t\t\t<div class=\"elementor-widget-container\">\n\t\t\t\t\t\t\t\t\t<p>Pour la s\u00e9curit\u00e9 et le bien-\u00eatre des enfants qui nous sont confi\u00e9s, mais aussi des adultes, l\u2019EIFA poss\u00e8de plusieurs r\u00e8glements. Vous trouverez ci-dessous les r\u00e8glements qui nous paraissent essentiels \u00e0 lire et \u00e0 t\u00e9l\u00e9charger.\u00a0<\/p>\t\t\t\t\t\t\t\t<\/div>\n\t\t\t\t<\/div>\n\t\t<div class=\"elementor-element elementor-element-27c4de6 e-grid e-con-boxed e-con e-parent\" data-id=\"27c4de6\" data-element_type=\"container\">\n\t\t\t\t\t<div class=\"e-con-inner\">\n\t\t\t\t<div class=\"elementor-element elementor-element-5b9dc73 elementor-widget elementor-widget-text-editor\" data-id=\"5b9dc73\" data-element_type=\"widget\" data-widget_type=\"text-editor.default\">\n\t\t\t\t<div class=\"elementor-widget-container\">\n\t\t\t\t\t\t\t\t\t<ul class=\"elementor-icon-list-items\"><li class=\"elementor-icon-list-item\"><a href=\"https:\/\/www.eifaschool.com\/wp-content\/uploads\/Admissions-Policy-2.pdf\" target=\"_blank\" rel=\"noopener\"><span class=\"elementor-icon-list-text\">Admissions Policy<\/span><\/a><\/li><li class=\"elementor-icon-list-item\"><a href=\"https:\/\/www.eifaschool.com\/wp-content\/uploads\/Anti-Bullying-Policy.pdf\" target=\"_blank\" rel=\"noopener\"><span class=\"elementor-icon-list-text\">Anti-bullying<\/span><\/a><\/li><li class=\"elementor-icon-list-item\"><a href=\"https:\/\/www.eifaschool.com\/wp-content\/uploads\/Attendance-and-Punctuality-Policy-August-2025.pdf\" target=\"_blank\" rel=\"noopener\"><span class=\"elementor-icon-list-text\">Attendance Policy<\/span><\/a><\/li><li class=\"elementor-icon-list-item\"><a href=\"https:\/\/www.eifaschool.com\/wp-content\/uploads\/Health-and-Safety-Policy.pdf\" target=\"_blank\" rel=\"noopener\"><span class=\"elementor-icon-list-text\">Health, Safety and Welfare<\/span><\/a><\/li><li class=\"elementor-icon-list-item\"><a href=\"https:\/\/www.eifaschool.com\/wp-content\/uploads\/2024\/06\/EIFA-curriculum-Policy-FEB2024.pdf\" target=\"_blank\" rel=\"noopener\"><span class=\"elementor-icon-list-text\">Curriculum Policy<\/span><\/a><\/li><li class=\"elementor-icon-list-item\"><a href=\"https:\/\/www.eifaschool.com\/wp-content\/uploads\/First-Aid-Policy-8.pdf\" target=\"_blank\" rel=\"noopener\"><span class=\"elementor-icon-list-text\">First Aid<\/span><\/a><\/li><li class=\"elementor-icon-list-item\"><a href=\"https:\/\/www.eifaschool.com\/wp-content\/uploads\/2024\/06\/EIFA-English-as-an-Additional-Language-EAL-Policy-AUG25-2020.pdf\" target=\"_blank\" rel=\"noopener\"><span class=\"elementor-icon-list-text\">EAL<\/span><\/a><\/li><li class=\"elementor-icon-list-item\"><a href=\"https:\/\/www.eifaschool.com\/wp-content\/uploads\/Parents-Complaints-Procedure.pdf\" target=\"_blank\" rel=\"noopener\"><span class=\"elementor-icon-list-text\">Parent Complaint procedure<\/span><\/a><\/li><\/ul>\t\t\t\t\t\t\t\t<\/div>\n\t\t\t\t<\/div>\n\t\t\t\t<div class=\"elementor-element elementor-element-19a0c1e elementor-widget elementor-widget-text-editor\" data-id=\"19a0c1e\" data-element_type=\"widget\" data-widget_type=\"text-editor.default\">\n\t\t\t\t<div class=\"elementor-widget-container\">\n\t\t\t\t\t\t\t\t\t<ul class=\"elementor-icon-list-items\"><li class=\"elementor-icon-list-item\"><a href=\"https:\/\/www.eifaschool.com\/wp-content\/uploads\/Child-Protection-and-Safeguarding-September-2025-1.pdf\" target=\"_blank\" rel=\"noopener\"><span class=\"elementor-icon-list-text\">Child Protection and Safeguarding<\/span><\/a><\/li><li class=\"elementor-icon-list-item\"><a href=\"https:\/\/www.eifaschool.com\/wp-content\/uploads\/2024\/06\/EIFA-School-Rules-%E2%80%93Junior-School-JAN2020.pdf\" target=\"_blank\" rel=\"noopener\"><span class=\"elementor-icon-list-text\">EIFA School Rules \u2013 Junior School<\/span><\/a><\/li><li class=\"elementor-icon-list-item\"><a href=\"https:\/\/www.eifaschool.com\/wp-content\/uploads\/2024\/06\/EIFA-School-Rules-%E2%80%93Senior-School-JAN2020.pdf\" target=\"_blank\" rel=\"noopener\"><span class=\"elementor-icon-list-text\">EIFA School Rules \u2013 Senior School<\/span><\/a><\/li><li class=\"elementor-icon-list-item\"><a href=\"https:\/\/www.eifaschool.com\/wp-content\/uploads\/SEND-Policy-January-2025.pdf\" target=\"_blank\" rel=\"noopener\"><span class=\"elementor-icon-list-text\">Special Education Needs and Disability<\/span><\/a><\/li><li class=\"elementor-icon-list-item\"><a href=\"https:\/\/www.eifaschool.com\/wp-content\/uploads\/Behaviour-Management-Policy.pdf\" target=\"_blank\" rel=\"noopener\"><span class=\"elementor-icon-list-text\">Behaviour Policy<\/span><\/a><\/li><li class=\"elementor-icon-list-item\"><a href=\"https:\/\/www.eifaschool.com\/wp-content\/uploads\/Risk-Assessment-Policy.pdf\" target=\"_blank\" rel=\"noopener\"><span class=\"elementor-icon-list-text\">Risk Assessment Policy<\/span><\/a><\/li><li class=\"elementor-icon-list-item\"><a href=\"https:\/\/www.eifaschool.com\/wp-content\/uploads\/Relationships-and-Sex-Education-Policy-April-2025-1.pdf\" target=\"_blank\" rel=\"noopener\"><span class=\"elementor-icon-list-text\">Relationships and Sex Education<\/span><\/a><\/li><li class=\"elementor-icon-list-item\"><a href=\"https:\/\/www.eifaschool.com\/wp-content\/uploads\/Equal-Opportunities-Policy.pdf\" target=\"_blank\" rel=\"noopener\"><span class=\"elementor-icon-list-text\">Equal Opportunities Policy<\/span><\/a><\/li><li class=\"elementor-icon-list-item\"><a href=\"https:\/\/www.eifaschool.com\/wp-content\/uploads\/Privacy-Notice.pdf\"><span class=\"elementor-icon-list-text\">Privacy Notice<\/span><\/a><\/li><\/ul>\t\t\t\t\t\t\t\t<\/div>\n\t\t\t\t<\/div>\n\t\t\t\t\t<\/div>\n\t\t\t\t<\/div>\n\t\t\t\t<div class=\"elementor-element elementor-element-55327f1 elementor-widget elementor-widget-text-editor\" data-id=\"55327f1\" data-element_type=\"widget\" data-widget_type=\"text-editor.default\">\n\t\t\t\t<div class=\"elementor-widget-container\">\n\t\t\t\t\t\t\t\t\t<p style=\"text-align: justify;\">Nous avons aussi plusieurs\u00a0<span style=\"text-align: start;\">r\u00e8glements<\/span>\u00a0qui sont disponibles sous forme digitale ou papier. N\u2019h\u00e9sitez pas \u00e0 contacter Debbie O\u2019Sullivan,\u00a0<a href=\"mailto:hr@eifaschool.com\">hr@eifaschool.com<\/a>, si vous d\u00e9sirez recevoir une copie.<\/p><p style=\"text-align: justify;\">Celles-ci comprennent: Absence, Academic Honesty, Acceptable use of IT and Social Media, Accessibility Plan, Careers, Code of Conduct at the Park, Educational Visits,\u00a0 Emergency Fire Plans, General Fire Safety, Pastoral Care, Prevent, Safer Recruitment, entre autres.<\/p>\t\t\t\t\t\t\t\t<\/div>\n\t\t\t\t<\/div>\n\t\t\t\t\t<\/div>\n\t\t<\/div>\n\t\t\t\t<div class=\"elementor-column elementor-col-33 elementor-top-column elementor-element elementor-element-7111078 elementor-hidden-tablet elementor-hidden-mobile\" data-id=\"7111078\" data-element_type=\"column\" data-settings=\"{&quot;background_background&quot;:&quot;classic&quot;}\">\n\t\t\t<div class=\"elementor-widget-wrap elementor-element-populated\">\n\t\t\t\t\t\t<div class=\"elementor-element elementor-element-1ff8d7e elementor-widget elementor-widget-global elementor-global-14760 elementor-widget-sidebar\" data-id=\"1ff8d7e\" data-element_type=\"widget\" data-widget_type=\"sidebar.default\">\n\t\t\t\t<div class=\"elementor-widget-container\">\n\t\t\t\t\t<aside id=\"search-2\" class=\"widget widget_search\"><h4 class=\"widget-title\">Search<\/h4><form role=\"search\" method=\"get\" class=\"search-form\" action=\"https:\/\/www.eifaschool.com\/fr\/\">\n\t\t\t\t<label>\n\t\t\t\t\t<span class=\"screen-reader-text\">Rechercher\u00a0:<\/span>\n\t\t\t\t\t<input type=\"search\" class=\"search-field\" placeholder=\"Rechercher\u2026\" value=\"\" name=\"s\" \/>\n\t\t\t\t<\/label>\n\t\t\t\t<input type=\"submit\" class=\"search-submit\" value=\"Rechercher\" \/>\n\t\t\t<\/form><\/aside>\n\t\t<aside id=\"recent-posts-2\" class=\"widget widget_recent_entries\">\n\t\t<h4 class=\"widget-title\">Recent Activities<\/h4>\n\t\t<ul>\n\t\t\t\t\t\t\t\t\t\t\t<li>\n\t\t\t\t\t<a href=\"https:\/\/www.eifaschool.com\/fr\/tri-golf-de-westminster\/\">Tri-Golf de Westminster<\/a>\n\t\t\t\t\t\t\t\t\t<\/li>\n\t\t\t\t\t\t\t\t\t\t\t<li>\n\t\t\t\t\t<a href=\"https:\/\/www.eifaschool.com\/fr\/le-british-museum\/\">Le British Museum<\/a>\n\t\t\t\t\t\t\t\t\t<\/li>\n\t\t\t\t\t\t\t\t\t\t\t<li>\n\t\t\t\t\t<a href=\"https:\/\/www.eifaschool.com\/fr\/voyage-a-hambourg\/\">Voyage \u00e0 Hambourg<\/a>\n\t\t\t\t\t\t\t\t\t<\/li>\n\t\t\t\t\t\t\t\t\t\t\t<li>\n\t\t\t\t\t<a href=\"https:\/\/www.eifaschool.com\/fr\/fete-des-meres\/\">F\u00eate des M\u00e8res<\/a>\n\t\t\t\t\t\t\t\t\t<\/li>\n\t\t\t\t\t\t\t\t\t\t\t<li>\n\t\t\t\t\t<a href=\"https:\/\/www.eifaschool.com\/fr\/assemblee-des-cm2\/\">Assembl\u00e9e des CM2<\/a>\n\t\t\t\t\t\t\t\t\t<\/li>\n\t\t\t\t\t<\/ul>\n\n\t\t<\/aside><aside id=\"media_image-6\" class=\"widget widget_media_image\"><a href=\"https:\/\/www.eifaschool.com\/\"><img fetchpriority=\"high\" decoding=\"async\" width=\"300\" height=\"200\" src=\"https:\/\/www.eifaschool.com\/wp-content\/uploads\/2024\/06\/WOW_5493-300x200.jpg\" class=\"image wp-image-14400  attachment-medium size-medium\" alt=\"EIFA A group of children wearing blue and white vests, likely from a local school in London, run on the grass in a park, following an adult in a black shirt. Trees and greenery surround the open area, creating a lively and energetic atmosphere.\" style=\"max-width: 100%; height: auto;\" srcset=\"https:\/\/www.eifaschool.com\/wp-content\/uploads\/2024\/06\/WOW_5493-300x200.jpg 300w, https:\/\/www.eifaschool.com\/wp-content\/uploads\/2024\/06\/WOW_5493-1024x681.jpg 1024w, https:\/\/www.eifaschool.com\/wp-content\/uploads\/2024\/06\/WOW_5493-768x511.jpg 768w, https:\/\/www.eifaschool.com\/wp-content\/uploads\/2024\/06\/WOW_5493-1536x1022.jpg 1536w, https:\/\/www.eifaschool.com\/wp-content\/uploads\/2024\/06\/WOW_5493-2048x1363.jpg 2048w\" sizes=\"(max-width: 300px) 100vw, 300px\" \/><\/a><\/aside>\t\t\t\t<\/div>\n\t\t\t\t<\/div>\n\t\t\t\t\t<\/div>\n\t\t<\/div>\n\t\t\t\t\t<\/div>\n\t\t<\/section>\n\t\t\t\t<\/div>\n\t\t","protected":false},"excerpt":{"rendered":"<p>Welcome! Mission and Values Our story Our team Work with Us Governance EIFA Parents Accreditations Our Policies Politiques et r\u00e8glements internes Pour la s\u00e9curit\u00e9 et le bien-\u00eatre des enfants qui nous sont confi\u00e9s, mais aussi des adultes, l\u2019EIFA poss\u00e8de plusieurs &hellip; <\/p>\n","protected":false},"author":2,"featured_media":0,"parent":15106,"menu_order":0,"comment_status":"closed","ping_status":"closed","template":"","meta":{"footnotes":""},"class_list":["post-15104","page","type-page","status-publish","hentry"],"yoast_head":"<!-- This site is optimized with the Yoast SEO Premium plugin v25.8 (Yoast SEO v27.4) - https:\/\/yoast.com\/product\/yoast-seo-premium-wordpress\/ -->\n<title>Politiques internes - EIFA International School (EIFA)<\/title>\n<meta name=\"description\" content=\"Nous nous appuyons sur nos r\u00e8glementations scolaires pr\u00e9cises et d\u00e9taill\u00e9es, qui font de l\u2019EIFA une \u00e9cole o\u00f9 il fait bon vivre et s\u2019\u00e9panouir.\" \/>\n<meta name=\"robots\" content=\"index, follow, max-snippet:-1, max-image-preview:large, max-video-preview:-1\" \/>\n<link rel=\"canonical\" href=\"https:\/\/www.eifaschool.com\/fr\/about-us\/our-policies-bar\/\" \/>\n<meta property=\"og:locale\" content=\"fr_FR\" \/>\n<meta property=\"og:type\" content=\"article\" \/>\n<meta property=\"og:title\" content=\"Politiques internes\" \/>\n<meta property=\"og:description\" content=\"Nous nous appuyons sur nos r\u00e8glementations scolaires pr\u00e9cises et d\u00e9taill\u00e9es, qui font de l\u2019EIFA une \u00e9cole o\u00f9 il fait bon vivre et s\u2019\u00e9panouir.\" \/>\n<meta property=\"og:url\" content=\"https:\/\/www.eifaschool.com\/fr\/about-us\/our-policies-bar\/\" \/>\n<meta property=\"og:site_name\" content=\"EIFA International School (EIFA)\" \/>\n<meta property=\"article:publisher\" content=\"https:\/\/www.facebook.com\/eifainternationalschoollondon\" \/>\n<meta property=\"article:modified_time\" content=\"2025-09-16T09:14:12+00:00\" \/>\n<meta name=\"twitter:card\" content=\"summary_large_image\" \/>\n<meta name=\"twitter:label1\" content=\"Dur\u00e9e de lecture estim\u00e9e\" \/>\n\t<meta name=\"twitter:data1\" content=\"2 minutes\" \/>\n<script type=\"application\/ld+json\" class=\"yoast-schema-graph\">{\"@context\":\"https:\\\/\\\/schema.org\",\"@graph\":[{\"@type\":\"WebPage\",\"@id\":\"https:\\\/\\\/www.eifaschool.com\\\/fr\\\/about-us\\\/our-policies-bar\\\/\",\"url\":\"https:\\\/\\\/www.eifaschool.com\\\/fr\\\/about-us\\\/our-policies-bar\\\/\",\"name\":\"Politiques internes - EIFA International School (EIFA)\",\"isPartOf\":{\"@id\":\"https:\\\/\\\/www.eifaschool.com\\\/fr\\\/#website\"},\"datePublished\":\"2024-07-02T18:37:05+00:00\",\"dateModified\":\"2025-09-16T09:14:12+00:00\",\"description\":\"Nous nous appuyons sur nos r\u00e8glementations scolaires pr\u00e9cises et d\u00e9taill\u00e9es, qui font de l\u2019EIFA une \u00e9cole o\u00f9 il fait bon vivre et s\u2019\u00e9panouir.\",\"breadcrumb\":{\"@id\":\"https:\\\/\\\/www.eifaschool.com\\\/fr\\\/about-us\\\/our-policies-bar\\\/#breadcrumb\"},\"inLanguage\":\"fr-FR\",\"potentialAction\":[{\"@type\":\"ReadAction\",\"target\":[\"https:\\\/\\\/www.eifaschool.com\\\/fr\\\/about-us\\\/our-policies-bar\\\/\"]}]},{\"@type\":\"BreadcrumbList\",\"@id\":\"https:\\\/\\\/www.eifaschool.com\\\/fr\\\/about-us\\\/our-policies-bar\\\/#breadcrumb\",\"itemListElement\":[{\"@type\":\"ListItem\",\"position\":1,\"name\":\"Home\",\"item\":\"https:\\\/\\\/www.eifaschool.com\\\/fr\\\/\"},{\"@type\":\"ListItem\",\"position\":2,\"name\":\"\u00c0 propos\",\"item\":\"https:\\\/\\\/www.eifaschool.com\\\/fr\\\/about-us\\\/\"},{\"@type\":\"ListItem\",\"position\":3,\"name\":\"Politiques internes\"}]},{\"@type\":\"WebSite\",\"@id\":\"https:\\\/\\\/www.eifaschool.com\\\/fr\\\/#website\",\"url\":\"https:\\\/\\\/www.eifaschool.com\\\/fr\\\/\",\"name\":\"EIFA International School (EIFA)\",\"description\":\"A bilingual international school for young citizens of the world\",\"publisher\":{\"@id\":\"https:\\\/\\\/www.eifaschool.com\\\/fr\\\/#organization\"},\"potentialAction\":[{\"@type\":\"SearchAction\",\"target\":{\"@type\":\"EntryPoint\",\"urlTemplate\":\"https:\\\/\\\/www.eifaschool.com\\\/fr\\\/?s={search_term_string}\"},\"query-input\":{\"@type\":\"PropertyValueSpecification\",\"valueRequired\":true,\"valueName\":\"search_term_string\"}}],\"inLanguage\":\"fr-FR\"},{\"@type\":\"Organization\",\"@id\":\"https:\\\/\\\/www.eifaschool.com\\\/fr\\\/#organization\",\"name\":\"EIFA International School (EIFA)\",\"url\":\"https:\\\/\\\/www.eifaschool.com\\\/fr\\\/\",\"logo\":{\"@type\":\"ImageObject\",\"inLanguage\":\"fr-FR\",\"@id\":\"https:\\\/\\\/www.eifaschool.com\\\/fr\\\/#\\\/schema\\\/logo\\\/image\\\/\",\"url\":\"https:\\\/\\\/www.eifaschool.com\\\/wp-content\\\/uploads\\\/2024\\\/05\\\/eifa_logo_white.png\",\"contentUrl\":\"https:\\\/\\\/www.eifaschool.com\\\/wp-content\\\/uploads\\\/2024\\\/05\\\/eifa_logo_white.png\",\"width\":500,\"height\":231,\"caption\":\"EIFA International School (EIFA)\"},\"image\":{\"@id\":\"https:\\\/\\\/www.eifaschool.com\\\/fr\\\/#\\\/schema\\\/logo\\\/image\\\/\"},\"sameAs\":[\"https:\\\/\\\/www.facebook.com\\\/eifainternationalschoollondon\",\"https:\\\/\\\/www.instagram.com\\\/eifainternationalschool\",\"https:\\\/\\\/www.youtube.com\\\/channel\\\/UCZ7MJ5WK69Dpi8spXepJv2Q\",\"https:\\\/\\\/www.linkedin.com\\\/company\\\/eifa-international-school\\\/\"]}]}<\/script>\n<!-- \/ Yoast SEO Premium plugin. -->","yoast_head_json":{"title":"Politiques internes - EIFA International School (EIFA)","description":"Nous nous appuyons sur nos r\u00e8glementations scolaires pr\u00e9cises et d\u00e9taill\u00e9es, qui font de l\u2019EIFA une \u00e9cole o\u00f9 il fait bon vivre et s\u2019\u00e9panouir.","robots":{"index":"index","follow":"follow","max-snippet":"max-snippet:-1","max-image-preview":"max-image-preview:large","max-video-preview":"max-video-preview:-1"},"canonical":"https:\/\/www.eifaschool.com\/fr\/about-us\/our-policies-bar\/","og_locale":"fr_FR","og_type":"article","og_title":"Politiques internes","og_description":"Nous nous appuyons sur nos r\u00e8glementations scolaires pr\u00e9cises et d\u00e9taill\u00e9es, qui font de l\u2019EIFA une \u00e9cole o\u00f9 il fait bon vivre et s\u2019\u00e9panouir.","og_url":"https:\/\/www.eifaschool.com\/fr\/about-us\/our-policies-bar\/","og_site_name":"EIFA International School (EIFA)","article_publisher":"https:\/\/www.facebook.com\/eifainternationalschoollondon","article_modified_time":"2025-09-16T09:14:12+00:00","twitter_card":"summary_large_image","twitter_misc":{"Dur\u00e9e de lecture estim\u00e9e":"2 minutes"},"schema":{"@context":"https:\/\/schema.org","@graph":[{"@type":"WebPage","@id":"https:\/\/www.eifaschool.com\/fr\/about-us\/our-policies-bar\/","url":"https:\/\/www.eifaschool.com\/fr\/about-us\/our-policies-bar\/","name":"Politiques internes - EIFA International School (EIFA)","isPartOf":{"@id":"https:\/\/www.eifaschool.com\/fr\/#website"},"datePublished":"2024-07-02T18:37:05+00:00","dateModified":"2025-09-16T09:14:12+00:00","description":"Nous nous appuyons sur nos r\u00e8glementations scolaires pr\u00e9cises et d\u00e9taill\u00e9es, qui font de l\u2019EIFA une \u00e9cole o\u00f9 il fait bon vivre et s\u2019\u00e9panouir.","breadcrumb":{"@id":"https:\/\/www.eifaschool.com\/fr\/about-us\/our-policies-bar\/#breadcrumb"},"inLanguage":"fr-FR","potentialAction":[{"@type":"ReadAction","target":["https:\/\/www.eifaschool.com\/fr\/about-us\/our-policies-bar\/"]}]},{"@type":"BreadcrumbList","@id":"https:\/\/www.eifaschool.com\/fr\/about-us\/our-policies-bar\/#breadcrumb","itemListElement":[{"@type":"ListItem","position":1,"name":"Home","item":"https:\/\/www.eifaschool.com\/fr\/"},{"@type":"ListItem","position":2,"name":"\u00c0 propos","item":"https:\/\/www.eifaschool.com\/fr\/about-us\/"},{"@type":"ListItem","position":3,"name":"Politiques internes"}]},{"@type":"WebSite","@id":"https:\/\/www.eifaschool.com\/fr\/#website","url":"https:\/\/www.eifaschool.com\/fr\/","name":"EIFA International School (EIFA)","description":"A bilingual international school for young citizens of the world","publisher":{"@id":"https:\/\/www.eifaschool.com\/fr\/#organization"},"potentialAction":[{"@type":"SearchAction","target":{"@type":"EntryPoint","urlTemplate":"https:\/\/www.eifaschool.com\/fr\/?s={search_term_string}"},"query-input":{"@type":"PropertyValueSpecification","valueRequired":true,"valueName":"search_term_string"}}],"inLanguage":"fr-FR"},{"@type":"Organization","@id":"https:\/\/www.eifaschool.com\/fr\/#organization","name":"EIFA International School (EIFA)","url":"https:\/\/www.eifaschool.com\/fr\/","logo":{"@type":"ImageObject","inLanguage":"fr-FR","@id":"https:\/\/www.eifaschool.com\/fr\/#\/schema\/logo\/image\/","url":"https:\/\/www.eifaschool.com\/wp-content\/uploads\/2024\/05\/eifa_logo_white.png","contentUrl":"https:\/\/www.eifaschool.com\/wp-content\/uploads\/2024\/05\/eifa_logo_white.png","width":500,"height":231,"caption":"EIFA International School (EIFA)"},"image":{"@id":"https:\/\/www.eifaschool.com\/fr\/#\/schema\/logo\/image\/"},"sameAs":["https:\/\/www.facebook.com\/eifainternationalschoollondon","https:\/\/www.instagram.com\/eifainternationalschool","https:\/\/www.youtube.com\/channel\/UCZ7MJ5WK69Dpi8spXepJv2Q","https:\/\/www.linkedin.com\/company\/eifa-international-school\/"]}]}},"_links":{"self":[{"href":"https:\/\/www.eifaschool.com\/fr\/wp-json\/wp\/v2\/pages\/15104","targetHints":{"allow":["GET"]}}],"collection":[{"href":"https:\/\/www.eifaschool.com\/fr\/wp-json\/wp\/v2\/pages"}],"about":[{"href":"https:\/\/www.eifaschool.com\/fr\/wp-json\/wp\/v2\/types\/page"}],"author":[{"embeddable":true,"href":"https:\/\/www.eifaschool.com\/fr\/wp-json\/wp\/v2\/users\/2"}],"replies":[{"embeddable":true,"href":"https:\/\/www.eifaschool.com\/fr\/wp-json\/wp\/v2\/comments?post=15104"}],"version-history":[{"count":0,"href":"https:\/\/www.eifaschool.com\/fr\/wp-json\/wp\/v2\/pages\/15104\/revisions"}],"up":[{"embeddable":true,"href":"https:\/\/www.eifaschool.com\/fr\/wp-json\/wp\/v2\/pages\/15106"}],"wp:attachment":[{"href":"https:\/\/www.eifaschool.com\/fr\/wp-json\/wp\/v2\/media?parent=15104"}],"curies":[{"name":"wp","href":"https:\/\/api.w.org\/{rel}","templated":true}]}}